{"id":6,"date":"2022-08-12T09:48:24","date_gmt":"2022-08-12T07:48:24","guid":{"rendered":"https:\/\/www.sexseite.net\/bdsm-chat\/?page_id=6"},"modified":"2025-12-20T15:47:50","modified_gmt":"2025-12-20T14:47:50","slug":"bdsm-chat-startseite","status":"publish","type":"page","link":"https:\/\/www.sexseite.net\/bdsm-chat\/","title":{"rendered":"bdsm chat startseite"},"content":{"rendered":"<h2>Beste BDSM Chat &#038; Domina Livecam Seiten<\/h2>\n<p>Devote M\u00e4nner treffen auf dominante Frauen. Wir stellen die besten Portale mit BDSM Chat vor. Vom privaten Handy Chat bis zur exklusiven Domina Livecam f\u00fcr deine Camerziehung oder Wichsanleitung. Hier findest du deine Herrin und Gespielin f\u00fcr deine Bed\u00fcrfnisse.<\/p>\n<hr \/>\n<h3>Dominachat f\u00fcr Camerziehung<\/h3>\n<p><a href=\"https:\/\/www.dominachat.net\/\" target=\"_blank\" rel=\"noopener noreferrer\">www.dominachat.net<\/a><br \/>\nDeutschsprachige Dominachat Community mit kostenloser Mitgliedschaft oder anonymem Zugang per Telefon ohne Anmeldung. Lass dich von Dominas zum Sklaven erziehen oder dir eine Wichsanleitung geben.<\/p>\n<h3>BDSM Chat f\u00fcr Devotlinge<\/h3>\n<p><a href=\"https:\/\/www.bdsm-chat.life\/\" target=\"_blank\" rel=\"noopener noreferrer\">www.bdsm-chat.life<\/a><br \/>\nWillkommen in der Welt der Dominanz. Der beliebte BDSM Chat ist f\u00fcr devote M\u00e4nner Anlaufstelle Nummer 1, wenn es um eine Wichsanleitung, Cuckolding oder Sklavenerziehung von Dominas im Livecam Chat geht.<\/p>\n<h3>Wichsanleitung gef\u00e4llig?<\/h3>\n<p><a href=\"https:\/\/www.domina-wichsanleitung.com\/\" target=\"_blank\" rel=\"noopener noreferrer\">www.domina-wichsanleitung.com<\/a><br \/>\nLass dich von erfahrenen, strengen Dominas beim Wichsen Cam2Cam anleiten. Du erf\u00e4hrst Erniedrigung, Beschimpfung bis hin zu Orgasmuskontrolle, Keuschhaltung oder Wichsverbot. Komm rein, du devoter Wichser!<\/p>\n<h3>Domina Cam Erziehung<\/h3>\n<p><a href=\"https:\/\/www.domina-cam.net\/\" target=\"_blank\" rel=\"noopener noreferrer\">www.domina-cam.net<\/a><br \/>\nIm Privaten Domina Cam Chat erziehen dich Dominas wie Cruel Alice, Annika Rose oder Lady Meli. Hier dienst du deiner Herrin bedingungslos und kannst ganz du selbst sein, z.B. Sklave, Cuckold, TV-Hure&#8230;<\/p>\n<h3>BDSM Cams mit Cam2Cam<\/h3>\n<p><a href=\"https:\/\/www.bdsm-cams.net\/\" target=\"_blank\" rel=\"noopener noreferrer\">www.bdsm-cams.net<\/a><br \/>\nBrauchst du eine Cam2Cam Wichsanleitung durch eine erfahrene Herrin? Oder suchst du eine devote Sexsklavin, die dir im Camchat h\u00f6rig ist? Deutschsprachige BDSM Cams mit Chat &#8211; exklusiv und explosiv!<\/p>\n<h3>BDSM Cams und Chat f\u00fcr deine Live Erziehung<\/h3>\n<p><a href=\"https:\/\/www.bdsm-live.cam\/\" target=\"_blank\" rel=\"noopener noreferrer\">www.bdsm-live.cam<\/a><br \/>\nWillkommen, meine devoten Sklaven, auf BDSM-Live.Cam, der Heimat der besten BDSM Cams und Chats! Hier findest du alles, was du f\u00fcr eine Live-Erziehung brauchst. Unsere erfahrenen Herrinen sind bereit, dich in die Welt des BDSM einzuf\u00fchren und deine Grenzen zu testen. Egal, ob du auf Bondage, Disziplin, Erniedrigung, Moneyslavery, Petplay oder Schmerz stehst, wir haben eine Domina f\u00fcr deinen Kink. Unsere Bdsmcams bieten eine sichere und private Umgebung, in der du deine devoten Kinks sicher aus\u00fcben und auch erweitern kanns.<\/p>\n<h3>Strenge Frauen chatten mit Devotlingen<\/h3>\n<p><a href=\"https:\/\/www.domina-chat.com\/\" target=\"_blank\" rel=\"noopener noreferrer\">www.domina-chat.com<\/a><br \/>\nDir d\u00fcrstet es nach Disziplin und Lustgewinn? Im privaten Domina Chat triffst du herrische Dominas, die dich dominieren und unterwerfen. Gehorche oder erleide die Konsequenzen! Ob Sklave oder Cuckold &#8211; diese Dominas behandeln dich als das, was du sein m\u00f6chtest&#8230; ohne Gnade!<\/p>\n<h3>Camsex Community f\u00fcr SM Erziehung<\/h3>\n<p><a href=\"https:\/\/www.bdsm-camsex.com\/\" target=\"_blank\" rel=\"noopener noreferrer\">www.bdsm-camsex.com<\/a><br \/>\nTauche ein in die verf\u00fchrerische Welt der BDSM-Rollenspiele im Camsex-Chat. Lass dich von deinem Partner sanft f\u00fchren, w\u00e4hrend ihr gemeinsam Grenzen erkundet und eure dunkelsten Fantasien zum Leben erweckt. Jedes Fl\u00fcstern, jeder Befehl bringt prickelnde Spannung und l\u00e4sst eure Sinne entgl\u00fchen. Wage es, dich fallen zu lassen und die Kontrolle an dominante und strenge Frauen im Camchat abzugeben.<\/p>\n<h3>Dominachat f\u00fcr devote Sklaven<\/h3>\n<p><a href=\"https:\/\/dominachat.blog4you.biz\/\" target=\"_blank\" rel=\"noopener noreferrer\">dominachat.blog4you.biz<\/a><br \/>\nEgal, ob du auf Bondage, Disziplin oder Erniedrigung stehst, wir haben eine Domina f\u00fcr dich mit der du \u00fcber deine Kinks Chatten kannst. Unser Domina Chat bietet eine sichere und private Umgebung, in der du deine devoten W\u00fcnsche ausleben kannst. Um dein Sklavenherz noch h\u00f6her schlagen zu lassen kannst du den Dominachat mit einem exklusiven Gutschein f\u00fcr 5 Minuten gratis ausprobieren!<\/p>\n<h3>Findom Cam f\u00fcr Geldsklaven<\/h3>\n<p><a href=\"https:\/\/findom-cam.blog4you.biz\/\" target=\"_blank\" rel=\"noopener noreferrer\">findom-cam.blog4you.biz<\/a><br \/>\nKomm auf den Findom Blog, der Heimat der besten Findom Cam Herrinen im Internet! Hier findest du alles, was du f\u00fcr ein erf\u00fcllendes Moneyslavery-Erlebnis brauchst. Unsere Seite ist vollgepackt mit den hei\u00dfesten Findom Dominas, die bereit sind, deine Geldb\u00f6rse zu leeren und dich zu ihrem willigen Geldsklaven zu machen. Vor der Cam sehen sie dir dabei zu wie du dein letztes Geld \u00fcberweist und dabei flennst.<\/p>\n<hr \/>\n<h2>Sadomaso Erziehung online im Camchat m\u00f6glich<\/h2>\n<p>Du stehst auf BDSM und hast keine Kontakte in die Szene? Oder bist du Anf\u00e4nger und willst an die Praktiken des Sadomaso und Masochismus herangef\u00fchrt werden? Ob du ein Cuckold bist, ein Sklave oder einfach ein devoter oder auch dominanter Mensch mit einem bestimmten Fetisch &#8211; hier wirst du Kontakte in der BDSM-Szene kn\u00fcpfen k\u00f6nnen. Das kannst du im Cam Chat tun oder dich auf einem der vorgeschlagenen Portale auch mit einer Domina oder einer Sexsklavin zu realen Sessions verabreden.<\/p>\n<h3>Was erlebe ich hier auf den BDSM Chat Seiten?<\/h3>\n<ul>\n<li>Kontakt zu Dominas oder zu devoten Frauen<\/li>\n<li>1:1 Cam2Cam Chats f\u00fcr BDSM Rollenspiele m\u00f6glich<\/li>\n<li>Eine passende Wichsanleitung Face 2 Face nur f\u00fcr dich<\/li>\n<li>Sklavenerziehung durch eine Domina<\/li>\n<li>Cuckolding durch dein pers\u00f6nliches Hotwife<\/li>\n<li>Einf\u00fchrung in die BDSM-Szene und Praktiken<\/li>\n<li>Finde Gespielinnen und Gleichgesinnte f\u00fcr BDSM Treffen<\/li>\n<\/ul>\n<p><img loading=\"lazy\" decoding=\"async\" src=\"https:\/\/www.sexseite.net\/bdsm-chat\/wp-content\/uploads\/sites\/3\/2022\/08\/bdsm-chat-latex-girl.jpg\" alt=\"BDSM Chat Latex Girl\" width=\"780\" height=\"462\" class=\"alignleft size-full wp-image-7\" srcset=\"https:\/\/www.sexseite.net\/bdsm-chat\/wp-content\/uploads\/sites\/3\/2022\/08\/bdsm-chat-latex-girl.jpg 780w, https:\/\/www.sexseite.net\/bdsm-chat\/wp-content\/uploads\/sites\/3\/2022\/08\/bdsm-chat-latex-girl-300x178.jpg 300w, https:\/\/www.sexseite.net\/bdsm-chat\/wp-content\/uploads\/sites\/3\/2022\/08\/bdsm-chat-latex-girl-768x455.jpg 768w\" sizes=\"auto, (max-width: 780px) 100vw, 780px\" \/><\/p>\n<p>Wie immer weisen wir darauf hin, dass es sich bei allen Angeboten um Portale und Seiten zum Thema BDSM handelt, bei denen der Zugang kostenlos ist. Bei einigen Livecam Chat Communities gibt es auch die M\u00f6glichkeit, diese in vollem Umfang anonym per Telefonzugang zu nutzen oder gleich <a href=\"https:\/\/www.sexseite.net\/telefonsex-mit-cam\/\">Telefonsex mit Cam<\/a> nutzen zu k\u00f6nnen.<\/p>\n<p>F\u00fcr jeden ist hier etwas dabei. F\u00fcr Sklaven, Cuckolds, TV Huren, Sissys, Kleinschw\u00e4nze, Devotlinge aller Art und f\u00fcr Neugierige, die sich im Bereich BDSM noch nicht auskennen. Ob erfahrene Domina, Femdom, Geldherrin, Mistress oder devote Sexsklavin &#8211; hier findet jeder die passenden Gespielinnen f\u00fcr online Cam oder Chat Sex aber auch f\u00fcr reale Sessions mit Schwerpunkt BDSM und Fetisch.<\/p>\n","protected":false},"excerpt":{"rendered":"<p>Beste BDSM Chat &#038; Domina Livecam Seiten Devote M\u00e4nner treffen auf dominante Frauen. Wir stellen die besten Portale mit BDSM<\/p>\n","protected":false},"author":1,"featured_media":0,"parent":0,"menu_order":0,"comment_status":"closed","ping_status":"closed","template":"","meta":{"footnotes":""},"class_list":["post-6","page","type-page","status-publish","hentry"],"yoast_head":"<!-- This site is optimized with the Yoast SEO plugin v27.5 - https:\/\/yoast.com\/product\/yoast-seo-wordpress\/ -->\n<title>Beste BDSM Chat &amp; Domina Livecam Seiten<\/title>\n<meta name=\"description\" content=\"Live BDSM Kontakte per Chat &amp; Livecam \u271a\u27a4 Deutschlands Top Adressen mit Domina BDSM Chat &amp; Fetisch Camsex \u270a Aussuchen &amp; ausprobieren!\" \/>\n<meta name=\"robots\" content=\"index, follow, max-snippet:-1, max-image-preview:large, max-video-preview:-1\" \/>\n<link rel=\"canonical\" href=\"https:\/\/www.sexseite.net\/bdsm-chat\/\" \/>\n<meta property=\"og:locale\" content=\"de_DE\" \/>\n<meta property=\"og:type\" content=\"article\" \/>\n<meta property=\"og:title\" content=\"Beste BDSM Chat &amp; Domina Livecam Seiten\" \/>\n<meta property=\"og:description\" content=\"Live BDSM Kontakte per Chat &amp; Livecam \u271a\u27a4 Deutschlands Top Adressen mit Domina BDSM Chat &amp; Fetisch Camsex \u270a Aussuchen &amp; ausprobieren!\" \/>\n<meta property=\"og:url\" content=\"https:\/\/www.sexseite.net\/bdsm-chat\/\" \/>\n<meta property=\"og:site_name\" content=\"Beste BDSM Chat &amp; Domina Livecam Seiten\" \/>\n<meta property=\"article:modified_time\" content=\"2025-12-20T14:47:50+00:00\" \/>\n<meta property=\"og:image\" content=\"https:\/\/www.sexseite.net\/bdsm-chat\/wp-content\/uploads\/sites\/3\/2022\/08\/bdsm-chat-latex-girl.jpg\" \/>\n\t<meta property=\"og:image:width\" content=\"780\" \/>\n\t<meta property=\"og:image:height\" content=\"462\" \/>\n\t<meta property=\"og:image:type\" content=\"image\/jpeg\" \/>\n<meta name=\"twitter:card\" content=\"summary_large_image\" \/>\n<meta name=\"twitter:label1\" content=\"Gesch\u00e4tzte Lesezeit\" \/>\n\t<meta name=\"twitter:data1\" content=\"5\u00a0Minuten\" \/>\n<script type=\"application\/ld+json\" class=\"yoast-schema-graph\">{\"@context\":\"https:\\\/\\\/schema.org\",\"@graph\":[{\"@type\":\"WebPage\",\"@id\":\"https:\\\/\\\/www.sexseite.net\\\/bdsm-chat\\\/\",\"url\":\"https:\\\/\\\/www.sexseite.net\\\/bdsm-chat\\\/\",\"name\":\"Beste BDSM Chat & Domina Livecam Seiten\",\"isPartOf\":{\"@id\":\"https:\\\/\\\/www.sexseite.net\\\/bdsm-chat\\\/#website\"},\"primaryImageOfPage\":{\"@id\":\"https:\\\/\\\/www.sexseite.net\\\/bdsm-chat\\\/#primaryimage\"},\"image\":{\"@id\":\"https:\\\/\\\/www.sexseite.net\\\/bdsm-chat\\\/#primaryimage\"},\"thumbnailUrl\":\"https:\\\/\\\/www.sexseite.net\\\/bdsm-chat\\\/wp-content\\\/uploads\\\/sites\\\/3\\\/2022\\\/08\\\/bdsm-chat-latex-girl.jpg\",\"datePublished\":\"2022-08-12T07:48:24+00:00\",\"dateModified\":\"2025-12-20T14:47:50+00:00\",\"description\":\"Live BDSM Kontakte per Chat & Livecam \u271a\u27a4 Deutschlands Top Adressen mit Domina BDSM Chat & Fetisch Camsex \u270a Aussuchen & ausprobieren!\",\"breadcrumb\":{\"@id\":\"https:\\\/\\\/www.sexseite.net\\\/bdsm-chat\\\/#breadcrumb\"},\"inLanguage\":\"de\",\"potentialAction\":[{\"@type\":\"ReadAction\",\"target\":[\"https:\\\/\\\/www.sexseite.net\\\/bdsm-chat\\\/\"]}]},{\"@type\":\"ImageObject\",\"inLanguage\":\"de\",\"@id\":\"https:\\\/\\\/www.sexseite.net\\\/bdsm-chat\\\/#primaryimage\",\"url\":\"https:\\\/\\\/www.sexseite.net\\\/bdsm-chat\\\/wp-content\\\/uploads\\\/sites\\\/3\\\/2022\\\/08\\\/bdsm-chat-latex-girl.jpg\",\"contentUrl\":\"https:\\\/\\\/www.sexseite.net\\\/bdsm-chat\\\/wp-content\\\/uploads\\\/sites\\\/3\\\/2022\\\/08\\\/bdsm-chat-latex-girl.jpg\",\"width\":780,\"height\":462,\"caption\":\"BDSM Chat Latex Girl\"},{\"@type\":\"BreadcrumbList\",\"@id\":\"https:\\\/\\\/www.sexseite.net\\\/bdsm-chat\\\/#breadcrumb\",\"itemListElement\":[{\"@type\":\"ListItem\",\"position\":1,\"name\":\"Startseite\",\"item\":\"https:\\\/\\\/www.sexseite.net\\\/bdsm-chat\\\/\"},{\"@type\":\"ListItem\",\"position\":2,\"name\":\"bdsm chat startseite\"}]},{\"@type\":\"WebSite\",\"@id\":\"https:\\\/\\\/www.sexseite.net\\\/bdsm-chat\\\/#website\",\"url\":\"https:\\\/\\\/www.sexseite.net\\\/bdsm-chat\\\/\",\"name\":\"Beste BDSM Chat & Domina Livecam Seiten\",\"description\":\"Eine weitere Beste Sexseite | Top Sexseiten Deutschlands mit Gratis Zugang Websites Website\",\"potentialAction\":[{\"@type\":\"SearchAction\",\"target\":{\"@type\":\"EntryPoint\",\"urlTemplate\":\"https:\\\/\\\/www.sexseite.net\\\/bdsm-chat\\\/?s={search_term_string}\"},\"query-input\":{\"@type\":\"PropertyValueSpecification\",\"valueRequired\":true,\"valueName\":\"search_term_string\"}}],\"inLanguage\":\"de\"}]}<\/script>\n<!-- \/ Yoast SEO plugin. -->","yoast_head_json":{"title":"Beste BDSM Chat & Domina Livecam Seiten","description":"Live BDSM Kontakte per Chat & Livecam \u271a\u27a4 Deutschlands Top Adressen mit Domina BDSM Chat & Fetisch Camsex \u270a Aussuchen & ausprobieren!","robots":{"index":"index","follow":"follow","max-snippet":"max-snippet:-1","max-image-preview":"max-image-preview:large","max-video-preview":"max-video-preview:-1"},"canonical":"https:\/\/www.sexseite.net\/bdsm-chat\/","og_locale":"de_DE","og_type":"article","og_title":"Beste BDSM Chat & Domina Livecam Seiten","og_description":"Live BDSM Kontakte per Chat & Livecam \u271a\u27a4 Deutschlands Top Adressen mit Domina BDSM Chat & Fetisch Camsex \u270a Aussuchen & ausprobieren!","og_url":"https:\/\/www.sexseite.net\/bdsm-chat\/","og_site_name":"Beste BDSM Chat & Domina Livecam Seiten","article_modified_time":"2025-12-20T14:47:50+00:00","og_image":[{"width":780,"height":462,"url":"https:\/\/www.sexseite.net\/bdsm-chat\/wp-content\/uploads\/sites\/3\/2022\/08\/bdsm-chat-latex-girl.jpg","type":"image\/jpeg"}],"twitter_card":"summary_large_image","twitter_misc":{"Gesch\u00e4tzte Lesezeit":"5\u00a0Minuten"},"schema":{"@context":"https:\/\/schema.org","@graph":[{"@type":"WebPage","@id":"https:\/\/www.sexseite.net\/bdsm-chat\/","url":"https:\/\/www.sexseite.net\/bdsm-chat\/","name":"Beste BDSM Chat & Domina Livecam Seiten","isPartOf":{"@id":"https:\/\/www.sexseite.net\/bdsm-chat\/#website"},"primaryImageOfPage":{"@id":"https:\/\/www.sexseite.net\/bdsm-chat\/#primaryimage"},"image":{"@id":"https:\/\/www.sexseite.net\/bdsm-chat\/#primaryimage"},"thumbnailUrl":"https:\/\/www.sexseite.net\/bdsm-chat\/wp-content\/uploads\/sites\/3\/2022\/08\/bdsm-chat-latex-girl.jpg","datePublished":"2022-08-12T07:48:24+00:00","dateModified":"2025-12-20T14:47:50+00:00","description":"Live BDSM Kontakte per Chat & Livecam \u271a\u27a4 Deutschlands Top Adressen mit Domina BDSM Chat & Fetisch Camsex \u270a Aussuchen & ausprobieren!","breadcrumb":{"@id":"https:\/\/www.sexseite.net\/bdsm-chat\/#breadcrumb"},"inLanguage":"de","potentialAction":[{"@type":"ReadAction","target":["https:\/\/www.sexseite.net\/bdsm-chat\/"]}]},{"@type":"ImageObject","inLanguage":"de","@id":"https:\/\/www.sexseite.net\/bdsm-chat\/#primaryimage","url":"https:\/\/www.sexseite.net\/bdsm-chat\/wp-content\/uploads\/sites\/3\/2022\/08\/bdsm-chat-latex-girl.jpg","contentUrl":"https:\/\/www.sexseite.net\/bdsm-chat\/wp-content\/uploads\/sites\/3\/2022\/08\/bdsm-chat-latex-girl.jpg","width":780,"height":462,"caption":"BDSM Chat Latex Girl"},{"@type":"BreadcrumbList","@id":"https:\/\/www.sexseite.net\/bdsm-chat\/#breadcrumb","itemListElement":[{"@type":"ListItem","position":1,"name":"Startseite","item":"https:\/\/www.sexseite.net\/bdsm-chat\/"},{"@type":"ListItem","position":2,"name":"bdsm chat startseite"}]},{"@type":"WebSite","@id":"https:\/\/www.sexseite.net\/bdsm-chat\/#website","url":"https:\/\/www.sexseite.net\/bdsm-chat\/","name":"Beste BDSM Chat & Domina Livecam Seiten","description":"Eine weitere Beste Sexseite | Top Sexseiten Deutschlands mit Gratis Zugang Websites Website","potentialAction":[{"@type":"SearchAction","target":{"@type":"EntryPoint","urlTemplate":"https:\/\/www.sexseite.net\/bdsm-chat\/?s={search_term_string}"},"query-input":{"@type":"PropertyValueSpecification","valueRequired":true,"valueName":"search_term_string"}}],"inLanguage":"de"}]}},"_links":{"self":[{"href":"https:\/\/www.sexseite.net\/bdsm-chat\/wp-json\/wp\/v2\/pages\/6","targetHints":{"allow":["GET"]}}],"collection":[{"href":"https:\/\/www.sexseite.net\/bdsm-chat\/wp-json\/wp\/v2\/pages"}],"about":[{"href":"https:\/\/www.sexseite.net\/bdsm-chat\/wp-json\/wp\/v2\/types\/page"}],"author":[{"embeddable":true,"href":"https:\/\/www.sexseite.net\/bdsm-chat\/wp-json\/wp\/v2\/users\/1"}],"replies":[{"embeddable":true,"href":"https:\/\/www.sexseite.net\/bdsm-chat\/wp-json\/wp\/v2\/comments?post=6"}],"version-history":[{"count":18,"href":"https:\/\/www.sexseite.net\/bdsm-chat\/wp-json\/wp\/v2\/pages\/6\/revisions"}],"predecessor-version":[{"id":49,"href":"https:\/\/www.sexseite.net\/bdsm-chat\/wp-json\/wp\/v2\/pages\/6\/revisions\/49"}],"wp:attachment":[{"href":"https:\/\/www.sexseite.net\/bdsm-chat\/wp-json\/wp\/v2\/media?parent=6"}],"curies":[{"name":"wp","href":"https:\/\/api.w.org\/{rel}","templated":true}]}}