{"id":6,"date":"2022-08-12T09:56:35","date_gmt":"2022-08-12T07:56:35","guid":{"rendered":"https:\/\/www.sexseite.net\/camsex\/?page_id=6"},"modified":"2024-12-03T17:31:13","modified_gmt":"2024-12-03T16:31:13","slug":"camsex-start","status":"publish","type":"page","link":"https:\/\/www.sexseite.net\/camsex\/","title":{"rendered":"camsex start"},"content":{"rendered":"<h2>Beste Camsex Chat Seiten<\/h2>\n<p>Nur die besten Camsex Seiten mit Chat werden hier gelistet. Deutschlands hei\u00dfe Amateur Camgirls wie Tight Tini, Nele Sweet oder Candy Samira senden teils exklusiv auf diesen Top Cam Sex Adressen mit Cam2Cam Livechat in deutscher Sprache und kostenlosem Zugang.<\/p>\n<hr \/>\n<h3>Camsex mit 1:1 Cam2Cam Modus<\/h3>\n<p><a href=\"https:\/\/www.camsex-cam2cam.com\/\" target=\"_blank\" rel=\"noopener noreferrer\">www.camsex-cam2cam.com<\/a><br \/>\nUnschlagbar: Chatte und wichse Cam2Cam mirt deutschen Top Camgirls wie Lena Lust, Hanna Secret, TinyEmily und vielen weiteren. Komm kostenlos als Mitglied rein oder nutze den anonymen Telefonzugang f\u00fcr geilen Camsex!<\/p>\n<h3>Camsex mit Cam2Cam Chat<\/h3>\n<p><a href=\"https:\/\/www.camsex-live.net\/\" target=\"_blank\" rel=\"noopener noreferrer\">www.camsex-live.net<\/a><br \/>\nEin exklusives Cam Sex Angebot mit Deutschlands Top Camgirls wie Nele Sweet, Mira Grey, Mila Elaine, Dirty Tina und vielen weiteren! Der 1:1 Sexchat per Handy oder Livecam wird dich \u00fcberzeugen!<\/p>\n<h3>Privater Cam Sex mit Chatgirls<\/h3>\n<p><a href=\"https:\/\/www.camsex.click\/\" target=\"_blank\" rel=\"noopener noreferrer\">www.camsex.click<\/a><br \/>\nDas Top Camsex Portal mit privaten Livecams und Cam to Cam Modus aus Deutschland! Chatte und wichse mit Camgirls wie Melina May, Holly Banks, MILF Linds Kiss und vielen weiteren Hotties.<\/p>\n<h3>Deutsche Camgirls f\u00fcr Camsex &#038; Telefonsex<\/h3>\n<p><a href=\"https:\/\/www.camsex247.net\/\" target=\"_blank\" rel=\"noopener noreferrer\">www.camsex247.net<\/a><br \/>\nHier chattest du mit s\u00fc\u00dfen deutschsprachigen Livegirls rund um die Uhr und 24\/7! Dabei kannst du w\u00e4hllen, ob du als Mitglied eine Livecam nutzen oder anonmym Telefonsex mit gratis Cam erleben magst.<\/p>\n<h3>Cam to Cam Webcam Chat Community<\/h3>\n<p><a href=\"https:\/\/www.camtocamsex.net\/\" target=\"_blank\" rel=\"noopener noreferrer\">www.camtocamsex.net<\/a><br \/>\nErlebe jetzt Cam to Cam Sex mit sexy Webcam Girls live im C2C Dirty CamChat Live. Treibe es gemeinsam mit sexy Frauen und Paaren im C2C Dirty Cam Chat.<\/p>\n<h3>Visit-X &#8211; einfach unschlagbar<\/h3>\n<p><a href=\"https:\/\/www.beianrufsex.link\/visit-x-camsex\/\" target=\"_blank\" rel=\"noopener noreferrer\">www.beianrufsex.link\/visit-x-camsex\/<\/a><br \/>\nErlebe prickelnde Livesex Shows mit atemberaubenden Camgirls, die Cam2Cam mit dir abspritzen! Intime Gest\u00e4ndnisse und erotische Spiele warten auf dich. Hier wird dir garantiert nicht langweilig.<\/p>\n<h3>BBW Camgirls machen dich hei\u00df<\/h3>\n<p><a href=\"https:\/\/www.bbw-camsex.com\/\" target=\"_blank\" rel=\"noopener noreferrer\">www.bbw-camsex.com<\/a><br \/>\nGenie\u00dfe hei\u00dfe Abenteuer mit kurvigen Ladies! Diese dicken, teils fetten Frauen wissen genau, wie man dich mit ihren Rundungen verf\u00fchren und um den Finger wickeln kann. Lass dich fallen und sei Teil der sinnlichen Camsex Show.<\/p>\n<h3>Chatte mit Camsex Frauen<\/h3>\n<p><a href=\"https:\/\/www.camsexgirls24.com\/\" target=\"_blank\" rel=\"noopener noreferrer\">www.camsexgirls24.com<\/a><br \/>\nEntdecke die aufregende Welt der Camsex Girls, die rund um die Uhr f\u00fcr dich bereitstehen. Versinke in leidenschaftlichen Live-Streams, w\u00e4hrend sie aufregend mit sich selbst spielen und dich mit jedem Blick und jedem St\u00f6hnen in ihren Bann ziehen. Genie\u00dfe die Intimit\u00e4t und lass deiner Fantasie freien Lauf \u2013 nur du und sie.<\/p>\n<h3>Cam2Cam mit Girls wichsen<\/h3>\n<p><a href=\"https:\/\/www.camsex-cam2cam.click\/\" target=\"_blank\" rel=\"noopener noreferrer\">www.camsex-cam2cam.click<\/a><br \/>\nEntf\u00fchre dich in eine Welt voller verf\u00fchrerischer Fantasien, w\u00e4hrend du mit sexy Camgirls beim Cam2Cam Sex extrem versaute Spiele hautnah erleben darfst. Lass dich von ihren verlockenden Blicken und einladenden Bewegungen bei der Masturbation mitrei\u00dfen. Du bist der geheimnisvolle Zuschauer, der in die intimen Momente eintaucht und gemeinsam mit ihnen in eine leidenschaftliche Explosion in Form multipler Orgasmen eintaucht.<\/p>\n<hr \/>\n<h2>Live Cam Sex interaktiv mit echten Frauen nackt<\/h2>\n<p>Welcher Mann tr\u00e4umt nicht davon, mit seiner Traumfrau ungest\u00f6rt intim werden zu k\u00f6nnen? Hier stellen wir Detschlands hei\u00dfeste Adressen f\u00fcr privaten Livecam Sex vor. Nur die besten Camsex Chat Seiten und Communities f\u00fcr interaktiven Livesex schaffen es in unser Verzeichnis! Was dich erwartet, wenn du eines der vorgestellten Portale mit Camsexchat ausw\u00e4hlst, das wollen wir dir verraten.<\/p>\n<h3>Was kann ich von einem guten Cam Sex Portal erwarten?<\/h3>\n<ul>\n<li>Kostenloser Zugang ohne wenn und aber<\/li>\n<li>Private Camsex Shows mi deutschsprachigen Camgirls<\/li>\n<li>Livestrip in bester HD oder 4K Qualit\u00e4t<\/li>\n<li>Sex Video Clips der hei\u00dfen Livegirls<\/li>\n<li>Privater Cam2Cam Modus<\/li>\n<li>Intime 1:1 Sexchats mit deiner Traumfrau<\/li>\n<\/ul>\n<p><img loading=\"lazy\" decoding=\"async\" src=\"https:\/\/www.sexseite.net\/camsex\/wp-content\/uploads\/sites\/4\/2022\/08\/camsex-milf.jpg\" alt=\"Camsex MILF\" width=\"780\" height=\"403\" class=\"alignleft size-full wp-image-7\" srcset=\"https:\/\/www.sexseite.net\/camsex\/wp-content\/uploads\/sites\/4\/2022\/08\/camsex-milf.jpg 780w, https:\/\/www.sexseite.net\/camsex\/wp-content\/uploads\/sites\/4\/2022\/08\/camsex-milf-300x155.jpg 300w, https:\/\/www.sexseite.net\/camsex\/wp-content\/uploads\/sites\/4\/2022\/08\/camsex-milf-768x397.jpg 768w\" sizes=\"auto, (max-width: 780px) 100vw, 780px\" \/><\/p>\n<p>Wir bleiben unserem Motto treu und stellen dir hier ausschlie\u00dflich die besten deutschsprachigen <a href=\"https:\/\/www.sexseite.net\/livesex-chat\/\">Livesex Chat<\/a> Communities und Webcamsex Portale vor, auf denen du dich kostenlos registrieren kannst. Einige von ihnen bieten alternativ aber auch einen Premium Sofort Zugang per Telefon an. Dabei kannst du alle Leistungen solange nutzen, wie du die Telefonverbindung aufrecht h\u00e4ltst. Nur Top Camsex Seiten schaffen es in unser Verzeichnis f\u00fcr beste Erwachsenen-Unterhaltung per Livecam Chat!<\/p>\n","protected":false},"excerpt":{"rendered":"<p>Beste Camsex Chat Seiten Nur die besten Camsex Seiten mit Chat werden hier gelistet. Deutschlands hei\u00dfe Amateur Camgirls wie Tight<\/p>\n","protected":false},"author":1,"featured_media":0,"parent":0,"menu_order":0,"comment_status":"closed","ping_status":"closed","template":"","meta":{"footnotes":""},"class_list":["post-6","page","type-page","status-publish","hentry"],"yoast_head":"<!-- This site is optimized with the Yoast SEO plugin v27.6 - https:\/\/yoast.com\/product\/yoast-seo-wordpress\/ -->\n<title>Beste Camsex Chat Seiten | Cam Sex Empfehlungen<\/title>\n<meta name=\"description\" content=\"Chatte privat mit Deutschlands hei\u00dfen Camgirls im exklusiven Camsex Chat \u271a\u27a4 Deutschlands beste Cam Sex Seiten \u270a Gratis ansehen &amp; ausprobieren!\" \/>\n<meta name=\"robots\" content=\"index, follow, max-snippet:-1, max-image-preview:large, max-video-preview:-1\" \/>\n<link rel=\"canonical\" href=\"https:\/\/www.sexseite.net\/camsex\/\" \/>\n<meta property=\"og:locale\" content=\"de_DE\" \/>\n<meta property=\"og:type\" content=\"article\" \/>\n<meta property=\"og:title\" content=\"Beste Camsex Chat Seiten | Cam Sex Empfehlungen\" \/>\n<meta property=\"og:description\" content=\"Chatte privat mit Deutschlands hei\u00dfen Camgirls im exklusiven Camsex Chat \u271a\u27a4 Deutschlands beste Cam Sex Seiten \u270a Gratis ansehen &amp; ausprobieren!\" \/>\n<meta property=\"og:url\" content=\"https:\/\/www.sexseite.net\/camsex\/\" \/>\n<meta property=\"og:site_name\" content=\"Beste Camsex Chat Seiten | Cam Sex Empfehlungen\" \/>\n<meta property=\"article:modified_time\" content=\"2024-12-03T16:31:13+00:00\" \/>\n<meta property=\"og:image\" content=\"https:\/\/www.sexseite.net\/camsex\/wp-content\/uploads\/sites\/4\/2022\/08\/camsex-milf.jpg\" \/>\n\t<meta property=\"og:image:width\" content=\"780\" \/>\n\t<meta property=\"og:image:height\" content=\"403\" \/>\n\t<meta property=\"og:image:type\" content=\"image\/jpeg\" \/>\n<meta name=\"twitter:card\" content=\"summary_large_image\" \/>\n<meta name=\"twitter:label1\" content=\"Gesch\u00e4tzte Lesezeit\" \/>\n\t<meta name=\"twitter:data1\" content=\"4\u00a0Minuten\" \/>\n<script type=\"application\/ld+json\" class=\"yoast-schema-graph\">{\"@context\":\"https:\\\/\\\/schema.org\",\"@graph\":[{\"@type\":\"WebPage\",\"@id\":\"https:\\\/\\\/www.sexseite.net\\\/camsex\\\/\",\"url\":\"https:\\\/\\\/www.sexseite.net\\\/camsex\\\/\",\"name\":\"Beste Camsex Chat Seiten | Cam Sex Empfehlungen\",\"isPartOf\":{\"@id\":\"https:\\\/\\\/www.sexseite.net\\\/camsex\\\/#website\"},\"primaryImageOfPage\":{\"@id\":\"https:\\\/\\\/www.sexseite.net\\\/camsex\\\/#primaryimage\"},\"image\":{\"@id\":\"https:\\\/\\\/www.sexseite.net\\\/camsex\\\/#primaryimage\"},\"thumbnailUrl\":\"https:\\\/\\\/www.sexseite.net\\\/camsex\\\/wp-content\\\/uploads\\\/sites\\\/4\\\/2022\\\/08\\\/camsex-milf.jpg\",\"datePublished\":\"2022-08-12T07:56:35+00:00\",\"dateModified\":\"2024-12-03T16:31:13+00:00\",\"description\":\"Chatte privat mit Deutschlands hei\u00dfen Camgirls im exklusiven Camsex Chat \u271a\u27a4 Deutschlands beste Cam Sex Seiten \u270a Gratis ansehen & ausprobieren!\",\"breadcrumb\":{\"@id\":\"https:\\\/\\\/www.sexseite.net\\\/camsex\\\/#breadcrumb\"},\"inLanguage\":\"de\",\"potentialAction\":[{\"@type\":\"ReadAction\",\"target\":[\"https:\\\/\\\/www.sexseite.net\\\/camsex\\\/\"]}]},{\"@type\":\"ImageObject\",\"inLanguage\":\"de\",\"@id\":\"https:\\\/\\\/www.sexseite.net\\\/camsex\\\/#primaryimage\",\"url\":\"https:\\\/\\\/www.sexseite.net\\\/camsex\\\/wp-content\\\/uploads\\\/sites\\\/4\\\/2022\\\/08\\\/camsex-milf.jpg\",\"contentUrl\":\"https:\\\/\\\/www.sexseite.net\\\/camsex\\\/wp-content\\\/uploads\\\/sites\\\/4\\\/2022\\\/08\\\/camsex-milf.jpg\",\"width\":780,\"height\":403,\"caption\":\"Camsex MILF\"},{\"@type\":\"BreadcrumbList\",\"@id\":\"https:\\\/\\\/www.sexseite.net\\\/camsex\\\/#breadcrumb\",\"itemListElement\":[{\"@type\":\"ListItem\",\"position\":1,\"name\":\"Startseite\",\"item\":\"https:\\\/\\\/www.sexseite.net\\\/camsex\\\/\"},{\"@type\":\"ListItem\",\"position\":2,\"name\":\"camsex start\"}]},{\"@type\":\"WebSite\",\"@id\":\"https:\\\/\\\/www.sexseite.net\\\/camsex\\\/#website\",\"url\":\"https:\\\/\\\/www.sexseite.net\\\/camsex\\\/\",\"name\":\"Beste Camsex Chat Seiten | Cam Sex Empfehlungen\",\"description\":\"Eine weitere Beste Sexseite | Top Sexseiten Deutschlands mit Gratis Zugang Websites Website\",\"potentialAction\":[{\"@type\":\"SearchAction\",\"target\":{\"@type\":\"EntryPoint\",\"urlTemplate\":\"https:\\\/\\\/www.sexseite.net\\\/camsex\\\/?s={search_term_string}\"},\"query-input\":{\"@type\":\"PropertyValueSpecification\",\"valueRequired\":true,\"valueName\":\"search_term_string\"}}],\"inLanguage\":\"de\"}]}<\/script>\n<!-- \/ Yoast SEO plugin. -->","yoast_head_json":{"title":"Beste Camsex Chat Seiten | Cam Sex Empfehlungen","description":"Chatte privat mit Deutschlands hei\u00dfen Camgirls im exklusiven Camsex Chat \u271a\u27a4 Deutschlands beste Cam Sex Seiten \u270a Gratis ansehen & ausprobieren!","robots":{"index":"index","follow":"follow","max-snippet":"max-snippet:-1","max-image-preview":"max-image-preview:large","max-video-preview":"max-video-preview:-1"},"canonical":"https:\/\/www.sexseite.net\/camsex\/","og_locale":"de_DE","og_type":"article","og_title":"Beste Camsex Chat Seiten | Cam Sex Empfehlungen","og_description":"Chatte privat mit Deutschlands hei\u00dfen Camgirls im exklusiven Camsex Chat \u271a\u27a4 Deutschlands beste Cam Sex Seiten \u270a Gratis ansehen & ausprobieren!","og_url":"https:\/\/www.sexseite.net\/camsex\/","og_site_name":"Beste Camsex Chat Seiten | Cam Sex Empfehlungen","article_modified_time":"2024-12-03T16:31:13+00:00","og_image":[{"width":780,"height":403,"url":"https:\/\/www.sexseite.net\/camsex\/wp-content\/uploads\/sites\/4\/2022\/08\/camsex-milf.jpg","type":"image\/jpeg"}],"twitter_card":"summary_large_image","twitter_misc":{"Gesch\u00e4tzte Lesezeit":"4\u00a0Minuten"},"schema":{"@context":"https:\/\/schema.org","@graph":[{"@type":"WebPage","@id":"https:\/\/www.sexseite.net\/camsex\/","url":"https:\/\/www.sexseite.net\/camsex\/","name":"Beste Camsex Chat Seiten | Cam Sex Empfehlungen","isPartOf":{"@id":"https:\/\/www.sexseite.net\/camsex\/#website"},"primaryImageOfPage":{"@id":"https:\/\/www.sexseite.net\/camsex\/#primaryimage"},"image":{"@id":"https:\/\/www.sexseite.net\/camsex\/#primaryimage"},"thumbnailUrl":"https:\/\/www.sexseite.net\/camsex\/wp-content\/uploads\/sites\/4\/2022\/08\/camsex-milf.jpg","datePublished":"2022-08-12T07:56:35+00:00","dateModified":"2024-12-03T16:31:13+00:00","description":"Chatte privat mit Deutschlands hei\u00dfen Camgirls im exklusiven Camsex Chat \u271a\u27a4 Deutschlands beste Cam Sex Seiten \u270a Gratis ansehen & ausprobieren!","breadcrumb":{"@id":"https:\/\/www.sexseite.net\/camsex\/#breadcrumb"},"inLanguage":"de","potentialAction":[{"@type":"ReadAction","target":["https:\/\/www.sexseite.net\/camsex\/"]}]},{"@type":"ImageObject","inLanguage":"de","@id":"https:\/\/www.sexseite.net\/camsex\/#primaryimage","url":"https:\/\/www.sexseite.net\/camsex\/wp-content\/uploads\/sites\/4\/2022\/08\/camsex-milf.jpg","contentUrl":"https:\/\/www.sexseite.net\/camsex\/wp-content\/uploads\/sites\/4\/2022\/08\/camsex-milf.jpg","width":780,"height":403,"caption":"Camsex MILF"},{"@type":"BreadcrumbList","@id":"https:\/\/www.sexseite.net\/camsex\/#breadcrumb","itemListElement":[{"@type":"ListItem","position":1,"name":"Startseite","item":"https:\/\/www.sexseite.net\/camsex\/"},{"@type":"ListItem","position":2,"name":"camsex start"}]},{"@type":"WebSite","@id":"https:\/\/www.sexseite.net\/camsex\/#website","url":"https:\/\/www.sexseite.net\/camsex\/","name":"Beste Camsex Chat Seiten | Cam Sex Empfehlungen","description":"Eine weitere Beste Sexseite | Top Sexseiten Deutschlands mit Gratis Zugang Websites Website","potentialAction":[{"@type":"SearchAction","target":{"@type":"EntryPoint","urlTemplate":"https:\/\/www.sexseite.net\/camsex\/?s={search_term_string}"},"query-input":{"@type":"PropertyValueSpecification","valueRequired":true,"valueName":"search_term_string"}}],"inLanguage":"de"}]}},"_links":{"self":[{"href":"https:\/\/www.sexseite.net\/camsex\/wp-json\/wp\/v2\/pages\/6","targetHints":{"allow":["GET"]}}],"collection":[{"href":"https:\/\/www.sexseite.net\/camsex\/wp-json\/wp\/v2\/pages"}],"about":[{"href":"https:\/\/www.sexseite.net\/camsex\/wp-json\/wp\/v2\/types\/page"}],"author":[{"embeddable":true,"href":"https:\/\/www.sexseite.net\/camsex\/wp-json\/wp\/v2\/users\/1"}],"replies":[{"embeddable":true,"href":"https:\/\/www.sexseite.net\/camsex\/wp-json\/wp\/v2\/comments?post=6"}],"version-history":[{"count":6,"href":"https:\/\/www.sexseite.net\/camsex\/wp-json\/wp\/v2\/pages\/6\/revisions"}],"predecessor-version":[{"id":42,"href":"https:\/\/www.sexseite.net\/camsex\/wp-json\/wp\/v2\/pages\/6\/revisions\/42"}],"wp:attachment":[{"href":"https:\/\/www.sexseite.net\/camsex\/wp-json\/wp\/v2\/media?parent=6"}],"curies":[{"name":"wp","href":"https:\/\/api.w.org\/{rel}","templated":true}]}}