{"id":6,"date":"2022-08-12T10:05:24","date_gmt":"2022-08-12T08:05:24","guid":{"rendered":"https:\/\/www.sexseite.net\/camtocam-sex\/?page_id=6"},"modified":"2026-05-06T16:37:34","modified_gmt":"2026-05-06T14:37:34","slug":"camtocam-sex-start","status":"publish","type":"page","link":"https:\/\/www.sexseite.net\/camtocam-sex\/","title":{"rendered":"camtocam sex start"},"content":{"rendered":"<h2>Beste CamtoCam Sex Chat Communities<\/h2>\n<p>Es gibt nichts Geileres, als Cam to Cam mit einer Frau zu chatten. Hier zeigen wir dir Deutschlands beste Communities f\u00fcr private CamtoCam Sex mit Live Chat. W\u00e4hle deine Top Community f\u00fcr privaten Livecam Sex ohne Tabus!<\/p>\n<hr \/>\n<h3>Wichse Cam2Cam mit Camgirls<\/h3>\n<p><a href=\"https:\/\/www.cam2cam-girls.com\/\" target=\"_blank\" rel=\"noopener noreferrer\">www.cam2cam-girls.com<\/a><br \/>\nNicht kleckern, sondern geil abspritzen! Hier kannst du mit geilen Camgirls wie NeleSweet, NeleSommer, Lara-CumKitten und vielen weiteren Girls im deutschsprachigen Sexcam Chat Cam2Cam abwichsen.<\/p>\n<h3>CamtoCam Sex Chat Portal<\/h3>\n<p><a href=\"https:\/\/www.camtocam-sex.net\/\" target=\"_blank\" rel=\"noopener noreferrer\">www.camtocam-sex.net<\/a><br \/>\nGeile M\u00e4dels wie Tight Tini, Steffi Blond oder Lia Fox warten hier im privaten Chat Portal auf dich! Nutze den Textchat per Handy oder auch geilen Livesex mit CamtoCam Feature.<\/p>\n<h3>Schweizer Cam to Cam Livesex<\/h3>\n<p><a href=\"https:\/\/www.camtocam-chat.ch\/\" target=\"_blank\" rel=\"noopener noreferrer\">www.camtocam-chat.ch<\/a><br \/>\nDiese Livesex Community mit sehr hohem Anteil an Frauen aus Deutschland, der Schweiz und \u00d6sterreich besticht durch seine vielen M\u00f6glichkeiten und die hohe Qualit\u00e4t des Cam to Cam Sex Chats.<\/p>\n<h3>Livesex mit beliebter Cam2Cam Funktion<\/h3>\n<p><a href=\"https:\/\/www.cam2cam-livesex.net\/\" target=\"_blank\" rel=\"noopener noreferrer\">www.cam2cam-livesex.net<\/a><br \/>\nInteraktiver Sexcam-Spa\u00df der Extraklasse! Verbinde deine Kamera und genie\u00dfe gegenseitige Erotik bei voller Leidenschaft und Intimit\u00e4t. Ein sexuelles Erlebnis, das dich nicht mehr losl\u00e4sst!<\/p>\n<h3>Sehen und gesehen werden beim Sexcam Chat<\/h3>\n<p><a href=\"https:\/\/www.sexcam-cam2cam.click\/\" target=\"_blank\" rel=\"noopener noreferrer\">www.sexcam-cam2cam.click<\/a><br \/>\nEntdecke die hei\u00dfesten Seiten des Webcam Sex mit Cam2Cam! Tausche hei\u00dfe Blicke aus, w\u00e4hrend ihr euch gegenseitig im Sexcam Livechat anheizt. Lass dich in eine neue Welt der Lust entf\u00fchren und genie\u00dfe explosive, spritzige Abenteuer!<\/p>\n<h3>Cam to Cam mit nackten Frauen abspritzen<\/h3>\n<p><a href=\"https:\/\/www.sexcam-camtocam.com\/\" target=\"_blank\" rel=\"noopener noreferrer\">www.sexcam-camtocam.com<\/a><br \/>\nFaszination live! Genie\u00dfe intime Gespr\u00e4che und sinnliche Sexcam Spiele in Echtzeit. Verbinde deine Webcam CamtoCam mit dem Camgirl und entdecke einzigartige Momente voller Leidenschaft, die euch beide zum H\u00f6hepunkt bringen.<\/p>\n<h3>Dominas z\u00fcchtigen Dich live<\/h3>\n<p><a href=\"https:\/\/www.domina-cam2cam.com\/\" target=\"_blank\" rel=\"noopener noreferrer\">www.domina-cam2cam.com<\/a><br \/>\nUnterwirf dich der gnadenlosen Dominanz, Sklave! Erlebe die erotische Macht dieser faszinierenden, dominanten Frauen bei einer live Cam2Cam Session. Lass dich fesseln und erlebe eine ganz neue Art der Lust in Form von Unterdr\u00fcckung und Disziplin durch erfahrene Dominas!<\/p>\n<h3>Deutschlands hei\u00dfeste Camgirls warten<\/h3>\n<p><a href=\"https:\/\/www.camgirls-cam2cam.com\/\" target=\"_blank\" rel=\"noopener noreferrer\">www.camgirls-cam2cam.com<\/a><br \/>\nLass dich von sexy Camgirls per Sexcam verf\u00fchren! Tauche Cam to Cam ein in eine aufregende Welt voller Leidenschaft und Erotik. Das allseits-beliebte Cam2Cam Feature sorgt f\u00fcr ein unvergessliches Vergn\u00fcgen, das dir lange in Erinnerung bleiben wird! Dort gibt es auch einen lohnenswerten Gutschein!<\/p>\n<h3>Spritze Cam to Cam mit Camgirls ab<\/h3>\n<p><a href=\"https:\/\/www.camsex-camtocam.com\/\" target=\"_blank\" rel=\"noopener noreferrer\">www.camsex-camtocam.com<\/a><br \/>\nVerf\u00fchrerisch gl\u00e4nzen deine Augen auf dem Bildschirm, w\u00e4hrend du dich mit hartem Schwanz vor der Cam pr\u00e4sentierst. Das Cam to Cam Feature erm\u00f6glicht es dem Camgirl und dir, euch gegenseitig zu sehen und euch noch n\u00e4her zu kommen, gemeinsam abzuspritzen. Die Interaktivit\u00e4t, die diese Art von Camsex Erlebnis mit sich bringt, ist atemberaubend. Jetzt gemeinsam mit Camgirls den H\u00f6hepunkt erreichen. Probiere es aus und entdecke die Intimit\u00e4t und Leidenschaft, die Camsex mit Cam to Cam zu bieten hat.<\/p>\n<hr \/>\n<h2>Cam2Cam Webcam Sex f\u00fcr intime Momente beim Livesex<\/h2>\n<p>Bei einer geilen Livestrip Show zusehen zu d\u00fcrfen, ist schon etwas Geiles! Aber noch deutlich intimer und intensiver ist es, wenn du mit dem Camgirl deiner Wahl in eine private Show wechselst &#8211; den Cam2Cam Modus anschaltest. Nat\u00fcrlich setzt das voraus, dass du deine eigene Webcam eingeschaltet hast, so dass dich das Livegirl ebenfalls sehen kann. Das bietet tolle M\u00f6glichkeiten, den Livecam Sex noch intensiver zu gestalten. Alle hier vorgestellten Communities bieten dir den Cam2Cam Sex Chat an.<\/p>\n<h3>Warum sollte ich den CamtoCam Modus nutzen?<\/h3>\n<ul>\n<li>Private 1:1 Show mit einem Camgirl<\/li>\n<li>Niemand sonst kann beim gemeinsamen Cam Sex zusehen<\/li>\n<li>Du lernst das Camgirl pers\u00f6nlich ganz intim kennen<\/li>\n<li>Deine Chancen auf ein Sexdate oder einen Userfick steigen immens<\/li>\n<li>Du allein steuerst, was das Webcam Girl in ihrer Sexshow zeigt<\/li>\n<\/ul>\n<p><img loading=\"lazy\" decoding=\"async\" src=\"https:\/\/www.sexseite.net\/camtocam-sex\/wp-content\/uploads\/sites\/5\/2022\/08\/camtocam-chat-hausfrau.jpg\" alt=\"CamtoCam Chat Hausfrau\" width=\"780\" height=\"426\" class=\"alignleft size-full wp-image-7\" srcset=\"https:\/\/www.sexseite.net\/camtocam-sex\/wp-content\/uploads\/sites\/5\/2022\/08\/camtocam-chat-hausfrau.jpg 780w, https:\/\/www.sexseite.net\/camtocam-sex\/wp-content\/uploads\/sites\/5\/2022\/08\/camtocam-chat-hausfrau-300x164.jpg 300w, https:\/\/www.sexseite.net\/camtocam-sex\/wp-content\/uploads\/sites\/5\/2022\/08\/camtocam-chat-hausfrau-768x419.jpg 768w\" sizes=\"auto, (max-width: 780px) 100vw, 780px\" \/><\/p>\n<p>Wir wollen dir noch einen Tipp mit auf den Weg geben, der dein Camsex Erlebnis mit einer Hausfrau oder einem jungen, scharfen Camgirl in andere Sph\u00e4ren heben wird: Frage die Camgirls, ob sie mit dir in eine private Cam zu Cam Session gehen wollen. So wird alles viel intensiver. Ob gemeinsames Wichsen zum H\u00f6hepunkt oder eine <a href=\"https:\/\/www.sexseite.net\/bdsm-chat\/\">Wichsanleitung durch eine Domina<\/a> &#8211; alles wird an Intensit\u00e4t gewinnen und du wirst mittels CamtoCam den Livesex deines Lebens erleben.<\/p>\n","protected":false},"excerpt":{"rendered":"<p>Beste CamtoCam Sex Chat Communities Es gibt nichts Geileres, als Cam to Cam mit einer Frau zu chatten. Hier zeigen<\/p>\n","protected":false},"author":1,"featured_media":0,"parent":0,"menu_order":0,"comment_status":"closed","ping_status":"closed","template":"","meta":{"footnotes":""},"class_list":["post-6","page","type-page","status-publish","hentry"],"yoast_head":"<!-- This site is optimized with the Yoast SEO plugin v27.6 - https:\/\/yoast.com\/product\/yoast-seo-wordpress\/ -->\n<title>Beste CamtoCam Sex Chat Seiten | Cam2Cam Livechat<\/title>\n<meta name=\"description\" content=\"Aktiv im Cam to Cam Sex Chat mit Camgirls wichsen \u271a\u27a4 Die besten deutschen CamtoCam Livecam Sex Portale \u270a Jetzt ansehen &amp; mitmachen!\" \/>\n<meta name=\"robots\" content=\"index, follow, max-snippet:-1, max-image-preview:large, max-video-preview:-1\" \/>\n<link rel=\"canonical\" href=\"https:\/\/www.sexseite.net\/camtocam-sex\/\" \/>\n<meta property=\"og:locale\" content=\"de_DE\" \/>\n<meta property=\"og:type\" content=\"article\" \/>\n<meta property=\"og:title\" content=\"Beste CamtoCam Sex Chat Seiten | Cam2Cam Livechat\" \/>\n<meta property=\"og:description\" content=\"Aktiv im Cam to Cam Sex Chat mit Camgirls wichsen \u271a\u27a4 Die besten deutschen CamtoCam Livecam Sex Portale \u270a Jetzt ansehen &amp; mitmachen!\" \/>\n<meta property=\"og:url\" content=\"https:\/\/www.sexseite.net\/camtocam-sex\/\" \/>\n<meta property=\"og:site_name\" content=\"Beste CamtoCam Sex Chat Seiten | Cam2Cam Livechat\" \/>\n<meta property=\"article:modified_time\" content=\"2026-05-06T14:37:34+00:00\" \/>\n<meta property=\"og:image\" content=\"https:\/\/www.sexseite.net\/camtocam-sex\/wp-content\/uploads\/sites\/5\/2022\/08\/camtocam-chat-hausfrau.jpg\" \/>\n\t<meta property=\"og:image:width\" content=\"780\" \/>\n\t<meta property=\"og:image:height\" content=\"426\" \/>\n\t<meta property=\"og:image:type\" content=\"image\/jpeg\" \/>\n<meta name=\"twitter:card\" content=\"summary_large_image\" \/>\n<meta name=\"twitter:label1\" content=\"Gesch\u00e4tzte Lesezeit\" \/>\n\t<meta name=\"twitter:data1\" content=\"4\u00a0Minuten\" \/>\n<script type=\"application\/ld+json\" class=\"yoast-schema-graph\">{\"@context\":\"https:\\\/\\\/schema.org\",\"@graph\":[{\"@type\":\"WebPage\",\"@id\":\"https:\\\/\\\/www.sexseite.net\\\/camtocam-sex\\\/\",\"url\":\"https:\\\/\\\/www.sexseite.net\\\/camtocam-sex\\\/\",\"name\":\"Beste CamtoCam Sex Chat Seiten | Cam2Cam Livechat\",\"isPartOf\":{\"@id\":\"https:\\\/\\\/www.sexseite.net\\\/camtocam-sex\\\/#website\"},\"primaryImageOfPage\":{\"@id\":\"https:\\\/\\\/www.sexseite.net\\\/camtocam-sex\\\/#primaryimage\"},\"image\":{\"@id\":\"https:\\\/\\\/www.sexseite.net\\\/camtocam-sex\\\/#primaryimage\"},\"thumbnailUrl\":\"https:\\\/\\\/www.sexseite.net\\\/camtocam-sex\\\/wp-content\\\/uploads\\\/sites\\\/5\\\/2022\\\/08\\\/camtocam-chat-hausfrau.jpg\",\"datePublished\":\"2022-08-12T08:05:24+00:00\",\"dateModified\":\"2026-05-06T14:37:34+00:00\",\"description\":\"Aktiv im Cam to Cam Sex Chat mit Camgirls wichsen \u271a\u27a4 Die besten deutschen CamtoCam Livecam Sex Portale \u270a Jetzt ansehen & mitmachen!\",\"breadcrumb\":{\"@id\":\"https:\\\/\\\/www.sexseite.net\\\/camtocam-sex\\\/#breadcrumb\"},\"inLanguage\":\"de\",\"potentialAction\":[{\"@type\":\"ReadAction\",\"target\":[\"https:\\\/\\\/www.sexseite.net\\\/camtocam-sex\\\/\"]}]},{\"@type\":\"ImageObject\",\"inLanguage\":\"de\",\"@id\":\"https:\\\/\\\/www.sexseite.net\\\/camtocam-sex\\\/#primaryimage\",\"url\":\"https:\\\/\\\/www.sexseite.net\\\/camtocam-sex\\\/wp-content\\\/uploads\\\/sites\\\/5\\\/2022\\\/08\\\/camtocam-chat-hausfrau.jpg\",\"contentUrl\":\"https:\\\/\\\/www.sexseite.net\\\/camtocam-sex\\\/wp-content\\\/uploads\\\/sites\\\/5\\\/2022\\\/08\\\/camtocam-chat-hausfrau.jpg\",\"width\":780,\"height\":426,\"caption\":\"CamtoCam Chat Hausfrau\"},{\"@type\":\"BreadcrumbList\",\"@id\":\"https:\\\/\\\/www.sexseite.net\\\/camtocam-sex\\\/#breadcrumb\",\"itemListElement\":[{\"@type\":\"ListItem\",\"position\":1,\"name\":\"Startseite\",\"item\":\"https:\\\/\\\/www.sexseite.net\\\/camtocam-sex\\\/\"},{\"@type\":\"ListItem\",\"position\":2,\"name\":\"camtocam sex start\"}]},{\"@type\":\"WebSite\",\"@id\":\"https:\\\/\\\/www.sexseite.net\\\/camtocam-sex\\\/#website\",\"url\":\"https:\\\/\\\/www.sexseite.net\\\/camtocam-sex\\\/\",\"name\":\"Beste CamtoCam Sex Chat Seiten | Cam2Cam Livechat\",\"description\":\"Eine weitere Beste Sexseite | Top Sexseiten Deutschlands mit Gratis Zugang Websites Website\",\"potentialAction\":[{\"@type\":\"SearchAction\",\"target\":{\"@type\":\"EntryPoint\",\"urlTemplate\":\"https:\\\/\\\/www.sexseite.net\\\/camtocam-sex\\\/?s={search_term_string}\"},\"query-input\":{\"@type\":\"PropertyValueSpecification\",\"valueRequired\":true,\"valueName\":\"search_term_string\"}}],\"inLanguage\":\"de\"}]}<\/script>\n<!-- \/ Yoast SEO plugin. -->","yoast_head_json":{"title":"Beste CamtoCam Sex Chat Seiten | Cam2Cam Livechat","description":"Aktiv im Cam to Cam Sex Chat mit Camgirls wichsen \u271a\u27a4 Die besten deutschen CamtoCam Livecam Sex Portale \u270a Jetzt ansehen & mitmachen!","robots":{"index":"index","follow":"follow","max-snippet":"max-snippet:-1","max-image-preview":"max-image-preview:large","max-video-preview":"max-video-preview:-1"},"canonical":"https:\/\/www.sexseite.net\/camtocam-sex\/","og_locale":"de_DE","og_type":"article","og_title":"Beste CamtoCam Sex Chat Seiten | Cam2Cam Livechat","og_description":"Aktiv im Cam to Cam Sex Chat mit Camgirls wichsen \u271a\u27a4 Die besten deutschen CamtoCam Livecam Sex Portale \u270a Jetzt ansehen & mitmachen!","og_url":"https:\/\/www.sexseite.net\/camtocam-sex\/","og_site_name":"Beste CamtoCam Sex Chat Seiten | Cam2Cam Livechat","article_modified_time":"2026-05-06T14:37:34+00:00","og_image":[{"width":780,"height":426,"url":"https:\/\/www.sexseite.net\/camtocam-sex\/wp-content\/uploads\/sites\/5\/2022\/08\/camtocam-chat-hausfrau.jpg","type":"image\/jpeg"}],"twitter_card":"summary_large_image","twitter_misc":{"Gesch\u00e4tzte Lesezeit":"4\u00a0Minuten"},"schema":{"@context":"https:\/\/schema.org","@graph":[{"@type":"WebPage","@id":"https:\/\/www.sexseite.net\/camtocam-sex\/","url":"https:\/\/www.sexseite.net\/camtocam-sex\/","name":"Beste CamtoCam Sex Chat Seiten | Cam2Cam Livechat","isPartOf":{"@id":"https:\/\/www.sexseite.net\/camtocam-sex\/#website"},"primaryImageOfPage":{"@id":"https:\/\/www.sexseite.net\/camtocam-sex\/#primaryimage"},"image":{"@id":"https:\/\/www.sexseite.net\/camtocam-sex\/#primaryimage"},"thumbnailUrl":"https:\/\/www.sexseite.net\/camtocam-sex\/wp-content\/uploads\/sites\/5\/2022\/08\/camtocam-chat-hausfrau.jpg","datePublished":"2022-08-12T08:05:24+00:00","dateModified":"2026-05-06T14:37:34+00:00","description":"Aktiv im Cam to Cam Sex Chat mit Camgirls wichsen \u271a\u27a4 Die besten deutschen CamtoCam Livecam Sex Portale \u270a Jetzt ansehen & mitmachen!","breadcrumb":{"@id":"https:\/\/www.sexseite.net\/camtocam-sex\/#breadcrumb"},"inLanguage":"de","potentialAction":[{"@type":"ReadAction","target":["https:\/\/www.sexseite.net\/camtocam-sex\/"]}]},{"@type":"ImageObject","inLanguage":"de","@id":"https:\/\/www.sexseite.net\/camtocam-sex\/#primaryimage","url":"https:\/\/www.sexseite.net\/camtocam-sex\/wp-content\/uploads\/sites\/5\/2022\/08\/camtocam-chat-hausfrau.jpg","contentUrl":"https:\/\/www.sexseite.net\/camtocam-sex\/wp-content\/uploads\/sites\/5\/2022\/08\/camtocam-chat-hausfrau.jpg","width":780,"height":426,"caption":"CamtoCam Chat Hausfrau"},{"@type":"BreadcrumbList","@id":"https:\/\/www.sexseite.net\/camtocam-sex\/#breadcrumb","itemListElement":[{"@type":"ListItem","position":1,"name":"Startseite","item":"https:\/\/www.sexseite.net\/camtocam-sex\/"},{"@type":"ListItem","position":2,"name":"camtocam sex start"}]},{"@type":"WebSite","@id":"https:\/\/www.sexseite.net\/camtocam-sex\/#website","url":"https:\/\/www.sexseite.net\/camtocam-sex\/","name":"Beste CamtoCam Sex Chat Seiten | Cam2Cam Livechat","description":"Eine weitere Beste Sexseite | Top Sexseiten Deutschlands mit Gratis Zugang Websites Website","potentialAction":[{"@type":"SearchAction","target":{"@type":"EntryPoint","urlTemplate":"https:\/\/www.sexseite.net\/camtocam-sex\/?s={search_term_string}"},"query-input":{"@type":"PropertyValueSpecification","valueRequired":true,"valueName":"search_term_string"}}],"inLanguage":"de"}]}},"_links":{"self":[{"href":"https:\/\/www.sexseite.net\/camtocam-sex\/wp-json\/wp\/v2\/pages\/6","targetHints":{"allow":["GET"]}}],"collection":[{"href":"https:\/\/www.sexseite.net\/camtocam-sex\/wp-json\/wp\/v2\/pages"}],"about":[{"href":"https:\/\/www.sexseite.net\/camtocam-sex\/wp-json\/wp\/v2\/types\/page"}],"author":[{"embeddable":true,"href":"https:\/\/www.sexseite.net\/camtocam-sex\/wp-json\/wp\/v2\/users\/1"}],"replies":[{"embeddable":true,"href":"https:\/\/www.sexseite.net\/camtocam-sex\/wp-json\/wp\/v2\/comments?post=6"}],"version-history":[{"count":6,"href":"https:\/\/www.sexseite.net\/camtocam-sex\/wp-json\/wp\/v2\/pages\/6\/revisions"}],"predecessor-version":[{"id":38,"href":"https:\/\/www.sexseite.net\/camtocam-sex\/wp-json\/wp\/v2\/pages\/6\/revisions\/38"}],"wp:attachment":[{"href":"https:\/\/www.sexseite.net\/camtocam-sex\/wp-json\/wp\/v2\/media?parent=6"}],"curies":[{"name":"wp","href":"https:\/\/api.w.org\/{rel}","templated":true}]}}