{"id":6,"date":"2022-08-12T10:47:15","date_gmt":"2022-08-12T08:47:15","guid":{"rendered":"https:\/\/www.sexseite.net\/fussfetisch\/?page_id=6"},"modified":"2025-12-20T15:50:31","modified_gmt":"2025-12-20T14:50:31","slug":"fussfetisch-start","status":"publish","type":"page","link":"https:\/\/www.sexseite.net\/fussfetisch\/","title":{"rendered":"fussfetisch start"},"content":{"rendered":"<h2>Beste Fu\u00dffetisch Chat &#038; Nylon Sex Seiten<\/h2>\n<p>Hier findest du die besten, teils exklusive Seiten f\u00fcr Fu\u00dffetisch und Nylon- Strumpfhosensex! Ob du eine Wichsanleitung mit Schwerpunkt Nylon suchst oder ein Fu\u00dferotik Treffen verabreden m\u00f6chtest &#8211; hier wirst du f\u00fcndig!<\/p>\n<hr \/>\n<h3>Fu\u00dffetisch Cam und Text Chat<\/h3>\n<p><a href=\"https:\/\/www.fussfetisch-chat.com\/\" target=\"_blank\" rel=\"noopener noreferrer\">www.fussfetisch-chat.com<\/a><br \/>\nChatte mit Fu\u00dffetisch Girls wie sexyvenushuegel oder einer Fu\u00dfherrin wie Goddess Lena ganz privat. Hier kannst du Fu\u00dferotik live im Chat aber auch real mit deutschen Frauen erleben.<\/p>\n<h3>Nylon Sex Treffen verabreden<\/h3>\n<p><a href=\"https:\/\/www.nylonsextreffen.com\/\" target=\"_blank\" rel=\"noopener noreferrer\">www.nylonsextreffen.com<\/a><br \/>\nHier dreht sich alles um sexy Frauenf\u00fc\u00dfe, lange Beine und tolle K\u00f6rper in edlem Nylon. Verabrede Nylon- und Strumpfhosen Sex Treffen! Auch Fu\u00dffetischisten finden hier gleichgesinnte Frauen.<\/p>\n<h3>Chatte mit einer Fu\u00dfherrin<\/h3>\n<p><a href=\"https:\/\/www.dominasexcam.com\/CAMS\/DE\/Verzeichnis\/fuss_fetisch_1.html\" target=\"_blank\" rel=\"noopener noreferrer\">www.dominasexcam.com\/fussfetisch\/<\/a><br \/>\nVerw\u00f6hne dich mit einem sinnlichen Erlebnis, indem du eine bezaubernde Fu\u00dfherrin im Sexcam Chat triffst. Lass deinen Blick \u00fcber ihre verf\u00fchrerischen Schritte schweifen und genie\u00dfe das Kribbeln, als sie ihre zarten Zehen in Richtung Kamera bewegt. Erlebe die Intensit\u00e4t von Fu\u00dffetischismus online und tauche ein in eine Welt der Erregung, w\u00e4hrend du ihr jeden Wunsch von den Fu\u00dfsohlen abliest. Lass deine Fantasie spielen und entdecke die aufregende Welt der Fu\u00dferotik &#8211; live und in Farbe. Worauf wartest du noch? Deine Fu\u00dfherrin wartet schon auf dich!<\/p>\n<h3>Stehst du auf Frauenf\u00fc\u00dfe<\/h3>\n<p><a href=\"https:\/\/www.camsex.rocks\/CAMS\/DE\/Verzeichnis\/fuss_fetisch_1.html\" target=\"_blank\" rel=\"noopener noreferrer\">www.camsex.rocks Fu\u00dffetisch<\/a><br \/>\nHier findest du hei\u00dfe Frauen, die dich mit ihren sexy F\u00fc\u00dfen, ihren Beinen oder auch mit ihren Strumpfhosen und Dessous aus Nylon in den Wahnsinn treiben werden!<\/p>\n<hr \/>\n<h2>Fu\u00dferotik und Strumpfhosensex pur<\/h2>\n<p>Wir haben hier Wert darauf gelegt, Fu\u00dffetischisten die besten Webseiten und Communities mit Fu\u00dffetisch Chat und f\u00fcr Nylon Sex  und Fu\u00dferotik vorzuschlagen. Man hat es als Nylonfan oder auch als Fu\u00dfliebhaber nicht allzu einfach, gute Seiten zu diesen Themen zu finden. Gerade beim Strumpfhosensex ist das Angebot qualitativ hochwertiger Angebote doch \u00fcberschaubar.<\/p>\n<h3>Was finde ich bei diesen Portalen zu Nylon- und Strumpfhosen Fetisch?<\/h3>\n<ul>\n<li>Direkte Kontakte zu Frauen mit gleichem Fetisch<\/li>\n<li>Teile deine Neigung mit anderen und lebe dich aus<\/li>\n<li>Sch\u00f6ne Frauenf\u00fc\u00dfe auf Fotos und Videos<\/li>\n<li>Private Sex Chats mit Fu\u00dfherrin oder Nylon Fetisch Girl<\/li>\n<li>Verabrede Treffen mit Fu\u00dffetischistinnen und Damen in Nylon Strumpfhosen<\/li>\n<\/ul>\n<p><img loading=\"lazy\" decoding=\"async\" src=\"https:\/\/www.sexseite.net\/fussfetisch\/wp-content\/uploads\/sites\/7\/2022\/08\/fussfetisch-nylon-lady.jpg\" alt=\"Fu\u00dffetisch Nylon Lady\" width=\"780\" height=\"490\" class=\"alignleft size-full wp-image-7\" srcset=\"https:\/\/www.sexseite.net\/fussfetisch\/wp-content\/uploads\/sites\/7\/2022\/08\/fussfetisch-nylon-lady.jpg 780w, https:\/\/www.sexseite.net\/fussfetisch\/wp-content\/uploads\/sites\/7\/2022\/08\/fussfetisch-nylon-lady-300x188.jpg 300w, https:\/\/www.sexseite.net\/fussfetisch\/wp-content\/uploads\/sites\/7\/2022\/08\/fussfetisch-nylon-lady-768x482.jpg 768w\" sizes=\"auto, (max-width: 780px) 100vw, 780px\" \/><\/p>\n<p>Wir erweitern unser Angebot stetig und es kommen nur die besten Websites zu Fu\u00dffetisch und Nylonerotik in unser Verzeichnis. Wie immer findest du hier nur <a href=\"https:\/\/www.sexseite.net\/fetisch-kontakte\/\">Fetisch Kontakt Seiten<\/a> vor, die dir eine kostenlose Mitgliedschaft anbieten.<\/p>\n<p>Entscheide selbst ob du den Sex Chat mit und ohne Livecam bevorzugst oder lieber direkt Sextreffen mit Gleichgesinnten verabreden m\u00f6chtest. Sowohl das Cam Chatten als auch das Verabreden sind aber in jeder Top Community aus den Bereichen Fu\u00dfsex und Nylonsex m\u00f6glich!<\/p>\n","protected":false},"excerpt":{"rendered":"<p>Beste Fu\u00dffetisch Chat &#038; Nylon Sex Seiten Hier findest du die besten, teils exklusive Seiten f\u00fcr Fu\u00dffetisch und Nylon- Strumpfhosensex!<\/p>\n","protected":false},"author":1,"featured_media":0,"parent":0,"menu_order":0,"comment_status":"closed","ping_status":"closed","template":"","meta":{"footnotes":""},"class_list":["post-6","page","type-page","status-publish","hentry"],"yoast_head":"<!-- This site is optimized with the Yoast SEO plugin v27.4 - https:\/\/yoast.com\/product\/yoast-seo-wordpress\/ -->\n<title>Beste Fu\u00dffetisch Chat &amp; Nylon Sex Seiten<\/title>\n<meta name=\"description\" content=\"Fu\u00dffetischisten finden hier die besten Adressen f\u00fcr Fu\u00dffetisch real &amp; live \u271a\u27a4 Nylon Sex &amp; Fu\u00dferotik pur \u270a Gehe jetzt zu den besten Seiten!\" \/>\n<meta name=\"robots\" content=\"index, follow, max-snippet:-1, max-image-preview:large, max-video-preview:-1\" \/>\n<link rel=\"canonical\" href=\"https:\/\/www.sexseite.net\/fussfetisch\/\" \/>\n<meta property=\"og:locale\" content=\"de_DE\" \/>\n<meta property=\"og:type\" content=\"article\" \/>\n<meta property=\"og:title\" content=\"Beste Fu\u00dffetisch Chat &amp; Nylon Sex Seiten\" \/>\n<meta property=\"og:description\" content=\"Fu\u00dffetischisten finden hier die besten Adressen f\u00fcr Fu\u00dffetisch real &amp; live \u271a\u27a4 Nylon Sex &amp; Fu\u00dferotik pur \u270a Gehe jetzt zu den besten Seiten!\" \/>\n<meta property=\"og:url\" content=\"https:\/\/www.sexseite.net\/fussfetisch\/\" \/>\n<meta property=\"og:site_name\" content=\"Beste Fu\u00dffetisch Chat &amp; Nylon Sex Seiten\" \/>\n<meta property=\"article:modified_time\" content=\"2025-12-20T14:50:31+00:00\" \/>\n<meta property=\"og:image\" content=\"https:\/\/www.sexseite.net\/fussfetisch\/wp-content\/uploads\/sites\/7\/2022\/08\/fussfetisch-nylon-lady.jpg\" \/>\n\t<meta property=\"og:image:width\" content=\"780\" \/>\n\t<meta property=\"og:image:height\" content=\"490\" \/>\n\t<meta property=\"og:image:type\" content=\"image\/jpeg\" \/>\n<meta name=\"twitter:card\" content=\"summary_large_image\" \/>\n<meta name=\"twitter:label1\" content=\"Gesch\u00e4tzte Lesezeit\" \/>\n\t<meta name=\"twitter:data1\" content=\"3\u00a0Minuten\" \/>\n<script type=\"application\/ld+json\" class=\"yoast-schema-graph\">{\"@context\":\"https:\\\/\\\/schema.org\",\"@graph\":[{\"@type\":\"WebPage\",\"@id\":\"https:\\\/\\\/www.sexseite.net\\\/fussfetisch\\\/\",\"url\":\"https:\\\/\\\/www.sexseite.net\\\/fussfetisch\\\/\",\"name\":\"Beste Fu\u00dffetisch Chat & Nylon Sex Seiten\",\"isPartOf\":{\"@id\":\"https:\\\/\\\/www.sexseite.net\\\/fussfetisch\\\/#website\"},\"primaryImageOfPage\":{\"@id\":\"https:\\\/\\\/www.sexseite.net\\\/fussfetisch\\\/#primaryimage\"},\"image\":{\"@id\":\"https:\\\/\\\/www.sexseite.net\\\/fussfetisch\\\/#primaryimage\"},\"thumbnailUrl\":\"https:\\\/\\\/www.sexseite.net\\\/fussfetisch\\\/wp-content\\\/uploads\\\/sites\\\/7\\\/2022\\\/08\\\/fussfetisch-nylon-lady.jpg\",\"datePublished\":\"2022-08-12T08:47:15+00:00\",\"dateModified\":\"2025-12-20T14:50:31+00:00\",\"description\":\"Fu\u00dffetischisten finden hier die besten Adressen f\u00fcr Fu\u00dffetisch real & live \u271a\u27a4 Nylon Sex & Fu\u00dferotik pur \u270a Gehe jetzt zu den besten Seiten!\",\"breadcrumb\":{\"@id\":\"https:\\\/\\\/www.sexseite.net\\\/fussfetisch\\\/#breadcrumb\"},\"inLanguage\":\"de\",\"potentialAction\":[{\"@type\":\"ReadAction\",\"target\":[\"https:\\\/\\\/www.sexseite.net\\\/fussfetisch\\\/\"]}]},{\"@type\":\"ImageObject\",\"inLanguage\":\"de\",\"@id\":\"https:\\\/\\\/www.sexseite.net\\\/fussfetisch\\\/#primaryimage\",\"url\":\"https:\\\/\\\/www.sexseite.net\\\/fussfetisch\\\/wp-content\\\/uploads\\\/sites\\\/7\\\/2022\\\/08\\\/fussfetisch-nylon-lady.jpg\",\"contentUrl\":\"https:\\\/\\\/www.sexseite.net\\\/fussfetisch\\\/wp-content\\\/uploads\\\/sites\\\/7\\\/2022\\\/08\\\/fussfetisch-nylon-lady.jpg\",\"width\":780,\"height\":490,\"caption\":\"Fu\u00dffetisch Nylon Lady\"},{\"@type\":\"BreadcrumbList\",\"@id\":\"https:\\\/\\\/www.sexseite.net\\\/fussfetisch\\\/#breadcrumb\",\"itemListElement\":[{\"@type\":\"ListItem\",\"position\":1,\"name\":\"Startseite\",\"item\":\"https:\\\/\\\/www.sexseite.net\\\/fussfetisch\\\/\"},{\"@type\":\"ListItem\",\"position\":2,\"name\":\"fussfetisch start\"}]},{\"@type\":\"WebSite\",\"@id\":\"https:\\\/\\\/www.sexseite.net\\\/fussfetisch\\\/#website\",\"url\":\"https:\\\/\\\/www.sexseite.net\\\/fussfetisch\\\/\",\"name\":\"Beste Fu\u00dffetisch Chat & Nylon Sex Seiten\",\"description\":\"Eine weitere Beste Sexseite | Top Sexseiten Deutschlands mit Gratis Zugang Websites Website\",\"potentialAction\":[{\"@type\":\"SearchAction\",\"target\":{\"@type\":\"EntryPoint\",\"urlTemplate\":\"https:\\\/\\\/www.sexseite.net\\\/fussfetisch\\\/?s={search_term_string}\"},\"query-input\":{\"@type\":\"PropertyValueSpecification\",\"valueRequired\":true,\"valueName\":\"search_term_string\"}}],\"inLanguage\":\"de\"}]}<\/script>\n<!-- \/ Yoast SEO plugin. -->","yoast_head_json":{"title":"Beste Fu\u00dffetisch Chat & Nylon Sex Seiten","description":"Fu\u00dffetischisten finden hier die besten Adressen f\u00fcr Fu\u00dffetisch real & live \u271a\u27a4 Nylon Sex & Fu\u00dferotik pur \u270a Gehe jetzt zu den besten Seiten!","robots":{"index":"index","follow":"follow","max-snippet":"max-snippet:-1","max-image-preview":"max-image-preview:large","max-video-preview":"max-video-preview:-1"},"canonical":"https:\/\/www.sexseite.net\/fussfetisch\/","og_locale":"de_DE","og_type":"article","og_title":"Beste Fu\u00dffetisch Chat & Nylon Sex Seiten","og_description":"Fu\u00dffetischisten finden hier die besten Adressen f\u00fcr Fu\u00dffetisch real & live \u271a\u27a4 Nylon Sex & Fu\u00dferotik pur \u270a Gehe jetzt zu den besten Seiten!","og_url":"https:\/\/www.sexseite.net\/fussfetisch\/","og_site_name":"Beste Fu\u00dffetisch Chat & Nylon Sex Seiten","article_modified_time":"2025-12-20T14:50:31+00:00","og_image":[{"width":780,"height":490,"url":"https:\/\/www.sexseite.net\/fussfetisch\/wp-content\/uploads\/sites\/7\/2022\/08\/fussfetisch-nylon-lady.jpg","type":"image\/jpeg"}],"twitter_card":"summary_large_image","twitter_misc":{"Gesch\u00e4tzte Lesezeit":"3\u00a0Minuten"},"schema":{"@context":"https:\/\/schema.org","@graph":[{"@type":"WebPage","@id":"https:\/\/www.sexseite.net\/fussfetisch\/","url":"https:\/\/www.sexseite.net\/fussfetisch\/","name":"Beste Fu\u00dffetisch Chat & Nylon Sex Seiten","isPartOf":{"@id":"https:\/\/www.sexseite.net\/fussfetisch\/#website"},"primaryImageOfPage":{"@id":"https:\/\/www.sexseite.net\/fussfetisch\/#primaryimage"},"image":{"@id":"https:\/\/www.sexseite.net\/fussfetisch\/#primaryimage"},"thumbnailUrl":"https:\/\/www.sexseite.net\/fussfetisch\/wp-content\/uploads\/sites\/7\/2022\/08\/fussfetisch-nylon-lady.jpg","datePublished":"2022-08-12T08:47:15+00:00","dateModified":"2025-12-20T14:50:31+00:00","description":"Fu\u00dffetischisten finden hier die besten Adressen f\u00fcr Fu\u00dffetisch real & live \u271a\u27a4 Nylon Sex & Fu\u00dferotik pur \u270a Gehe jetzt zu den besten Seiten!","breadcrumb":{"@id":"https:\/\/www.sexseite.net\/fussfetisch\/#breadcrumb"},"inLanguage":"de","potentialAction":[{"@type":"ReadAction","target":["https:\/\/www.sexseite.net\/fussfetisch\/"]}]},{"@type":"ImageObject","inLanguage":"de","@id":"https:\/\/www.sexseite.net\/fussfetisch\/#primaryimage","url":"https:\/\/www.sexseite.net\/fussfetisch\/wp-content\/uploads\/sites\/7\/2022\/08\/fussfetisch-nylon-lady.jpg","contentUrl":"https:\/\/www.sexseite.net\/fussfetisch\/wp-content\/uploads\/sites\/7\/2022\/08\/fussfetisch-nylon-lady.jpg","width":780,"height":490,"caption":"Fu\u00dffetisch Nylon Lady"},{"@type":"BreadcrumbList","@id":"https:\/\/www.sexseite.net\/fussfetisch\/#breadcrumb","itemListElement":[{"@type":"ListItem","position":1,"name":"Startseite","item":"https:\/\/www.sexseite.net\/fussfetisch\/"},{"@type":"ListItem","position":2,"name":"fussfetisch start"}]},{"@type":"WebSite","@id":"https:\/\/www.sexseite.net\/fussfetisch\/#website","url":"https:\/\/www.sexseite.net\/fussfetisch\/","name":"Beste Fu\u00dffetisch Chat & Nylon Sex Seiten","description":"Eine weitere Beste Sexseite | Top Sexseiten Deutschlands mit Gratis Zugang Websites Website","potentialAction":[{"@type":"SearchAction","target":{"@type":"EntryPoint","urlTemplate":"https:\/\/www.sexseite.net\/fussfetisch\/?s={search_term_string}"},"query-input":{"@type":"PropertyValueSpecification","valueRequired":true,"valueName":"search_term_string"}}],"inLanguage":"de"}]}},"_links":{"self":[{"href":"https:\/\/www.sexseite.net\/fussfetisch\/wp-json\/wp\/v2\/pages\/6","targetHints":{"allow":["GET"]}}],"collection":[{"href":"https:\/\/www.sexseite.net\/fussfetisch\/wp-json\/wp\/v2\/pages"}],"about":[{"href":"https:\/\/www.sexseite.net\/fussfetisch\/wp-json\/wp\/v2\/types\/page"}],"author":[{"embeddable":true,"href":"https:\/\/www.sexseite.net\/fussfetisch\/wp-json\/wp\/v2\/users\/1"}],"replies":[{"embeddable":true,"href":"https:\/\/www.sexseite.net\/fussfetisch\/wp-json\/wp\/v2\/comments?post=6"}],"version-history":[{"count":6,"href":"https:\/\/www.sexseite.net\/fussfetisch\/wp-json\/wp\/v2\/pages\/6\/revisions"}],"predecessor-version":[{"id":36,"href":"https:\/\/www.sexseite.net\/fussfetisch\/wp-json\/wp\/v2\/pages\/6\/revisions\/36"}],"wp:attachment":[{"href":"https:\/\/www.sexseite.net\/fussfetisch\/wp-json\/wp\/v2\/media?parent=6"}],"curies":[{"name":"wp","href":"https:\/\/api.w.org\/{rel}","templated":true}]}}